{"id":285,"date":"2018-02-09T10:40:06","date_gmt":"2018-02-09T10:40:06","guid":{"rendered":"https:\/\/demo.themegrill.com\/colormag\/?page_id=285"},"modified":"2023-08-31T21:16:13","modified_gmt":"2023-09-01T00:16:13","slug":"contact-us","status":"publish","type":"page","link":"https:\/\/mardobrasil.com.br\/index.php\/contact-us\/","title":{"rendered":"Entre em contato"},"content":{"rendered":"<p>Esse formul\u00e1rio foi criado usando <a href=\"https:\/\/wordpress.org\/plugins\/everest-forms\/\" target=\"_blank\" rel=\"noopener nofollow noreferrer\">Everest Forms<\/a>.<\/p>\n<p>[everest_form id=&#8221;287&#8243;]<\/p>\n","protected":false},"excerpt":{"rendered":"<p>Esse formul\u00e1rio foi criado usando Everest Forms. [everest_form id=&#8221;287&#8243;]<\/p>\n","protected":false},"author":1,"featured_media":0,"parent":0,"menu_order":0,"comment_status":"closed","ping_status":"closed","template":"page-templates\/contact.php","meta":{"footnotes":""},"yoast_head":"<!-- This site is optimized with the Yoast SEO plugin v23.5 - https:\/\/yoast.com\/wordpress\/plugins\/seo\/ -->\n<title>Entre em contato - Mar do Brasil<\/title>\n<meta name=\"description\" content=\"Leia sobre tudo sobre o Entre em contato, embarque no dia a dia da Industria mar\u00edtima brasileira e seu aspecto profissional. Inspire-se e atualize seus conhecimentos atrav\u00e9s do nosso Blog di\u00e1rio.\" \/>\n<meta name=\"robots\" content=\"index, follow, max-snippet:-1, max-image-preview:large, max-video-preview:-1\" \/>\n<link rel=\"canonical\" href=\"https:\/\/mardobrasil.com.br\/index.php\/contact-us\/\" \/>\n<meta property=\"og:locale\" content=\"pt_BR\" \/>\n<meta property=\"og:type\" content=\"article\" \/>\n<meta property=\"og:title\" content=\"Entre em contato - Mar do Brasil\" \/>\n<meta property=\"og:description\" content=\"Leia sobre tudo sobre o Entre em contato, embarque no dia a dia da Industria mar\u00edtima brasileira e seu aspecto profissional. Inspire-se e atualize seus conhecimentos atrav\u00e9s do nosso Blog di\u00e1rio.\" \/>\n<meta property=\"og:url\" content=\"https:\/\/mardobrasil.com.br\/index.php\/contact-us\/\" \/>\n<meta property=\"og:site_name\" content=\"Mar do Brasil\" \/>\n<meta property=\"article:publisher\" content=\"https:\/\/www.facebook.com\/portal.mardobrasil\" \/>\n<meta property=\"article:modified_time\" content=\"2023-09-01T00:16:13+00:00\" \/>\n<meta name=\"twitter:card\" content=\"summary_large_image\" \/>\n<script type=\"application\/ld+json\" class=\"yoast-schema-graph\">{\"@context\":\"https:\/\/schema.org\",\"@graph\":[{\"@type\":\"NewsArticle\",\"@id\":\"https:\/\/mardobrasil.com.br\/index.php\/contact-us\/#article\",\"isPartOf\":{\"@id\":\"https:\/\/mardobrasil.com.br\/index.php\/contact-us\/\"},\"author\":{\"name\":\"Du Alves\",\"@id\":\"https:\/\/mardobrasil.com.br\/#\/schema\/person\/4dcb02893cb2e69ba7db9e603ee2653a\"},\"headline\":\"Entre em contato\",\"datePublished\":\"2018-02-09T10:40:06+00:00\",\"dateModified\":\"2023-09-01T00:16:13+00:00\",\"mainEntityOfPage\":{\"@id\":\"https:\/\/mardobrasil.com.br\/index.php\/contact-us\/\"},\"wordCount\":14,\"publisher\":{\"@id\":\"https:\/\/mardobrasil.com.br\/#organization\"},\"inLanguage\":\"pt-BR\"},{\"@type\":\"WebPage\",\"@id\":\"https:\/\/mardobrasil.com.br\/index.php\/contact-us\/\",\"url\":\"https:\/\/mardobrasil.com.br\/index.php\/contact-us\/\",\"name\":\"Entre em contato - Mar do Brasil\",\"isPartOf\":{\"@id\":\"https:\/\/mardobrasil.com.br\/#website\"},\"datePublished\":\"2018-02-09T10:40:06+00:00\",\"dateModified\":\"2023-09-01T00:16:13+00:00\",\"description\":\"Leia sobre tudo sobre o Entre em contato, embarque no dia a dia da Industria mar\u00edtima brasileira e seu aspecto profissional. Inspire-se e atualize seus conhecimentos atrav\u00e9s do nosso Blog di\u00e1rio.\",\"breadcrumb\":{\"@id\":\"https:\/\/mardobrasil.com.br\/index.php\/contact-us\/#breadcrumb\"},\"inLanguage\":\"pt-BR\",\"potentialAction\":[{\"@type\":\"ReadAction\",\"target\":[\"https:\/\/mardobrasil.com.br\/index.php\/contact-us\/\"]}]},{\"@type\":\"BreadcrumbList\",\"@id\":\"https:\/\/mardobrasil.com.br\/index.php\/contact-us\/#breadcrumb\",\"itemListElement\":[{\"@type\":\"ListItem\",\"position\":1,\"name\":\"In\u00edcio\",\"item\":\"https:\/\/mardobrasil.com.br\/\"},{\"@type\":\"ListItem\",\"position\":2,\"name\":\"Entre em contato\"}]},{\"@type\":\"WebSite\",\"@id\":\"https:\/\/mardobrasil.com.br\/#website\",\"url\":\"https:\/\/mardobrasil.com.br\/\",\"name\":\"Mar do Brasil\",\"description\":\"Nosso mar, nossa casa, nosso trabalho\",\"publisher\":{\"@id\":\"https:\/\/mardobrasil.com.br\/#organization\"},\"potentialAction\":[{\"@type\":\"SearchAction\",\"target\":{\"@type\":\"EntryPoint\",\"urlTemplate\":\"https:\/\/mardobrasil.com.br\/?s={search_term_string}\"},\"query-input\":{\"@type\":\"PropertyValueSpecification\",\"valueRequired\":true,\"valueName\":\"search_term_string\"}}],\"inLanguage\":\"pt-BR\"},{\"@type\":\"Organization\",\"@id\":\"https:\/\/mardobrasil.com.br\/#organization\",\"name\":\"Mar do Brasil\",\"url\":\"https:\/\/mardobrasil.com.br\/\",\"logo\":{\"@type\":\"ImageObject\",\"inLanguage\":\"pt-BR\",\"@id\":\"https:\/\/mardobrasil.com.br\/#\/schema\/logo\/image\/\",\"url\":\"https:\/\/mardobrasil.com.br\/wp-content\/uploads\/2023\/11\/cropped-logo-frase-textoazul.png\",\"contentUrl\":\"https:\/\/mardobrasil.com.br\/wp-content\/uploads\/2023\/11\/cropped-logo-frase-textoazul.png\",\"width\":300,\"height\":56,\"caption\":\"Mar do Brasil\"},\"image\":{\"@id\":\"https:\/\/mardobrasil.com.br\/#\/schema\/logo\/image\/\"},\"sameAs\":[\"https:\/\/www.facebook.com\/portal.mardobrasil\",\"https:\/\/www.instagram.com\/portal.mardobrasil\/\"]},{\"@type\":\"Person\",\"@id\":\"https:\/\/mardobrasil.com.br\/#\/schema\/person\/4dcb02893cb2e69ba7db9e603ee2653a\",\"name\":\"Du Alves\",\"image\":{\"@type\":\"ImageObject\",\"inLanguage\":\"pt-BR\",\"@id\":\"https:\/\/mardobrasil.com.br\/#\/schema\/person\/image\/\",\"url\":\"https:\/\/secure.gravatar.com\/avatar\/43c8b79ed7359050f31838530d4f7ed5?s=96&d=mm&r=g\",\"contentUrl\":\"https:\/\/secure.gravatar.com\/avatar\/43c8b79ed7359050f31838530d4f7ed5?s=96&d=mm&r=g\",\"caption\":\"Du Alves\"},\"sameAs\":[\"http:\/\/mardobrasil.com.br\"],\"url\":\"https:\/\/mardobrasil.com.br\/index.php\/author\/dualves-digital\/\"}]}<\/script>\n<!-- \/ Yoast SEO plugin. -->","yoast_head_json":{"title":"Entre em contato - Mar do Brasil","description":"Leia sobre tudo sobre o Entre em contato, embarque no dia a dia da Industria mar\u00edtima brasileira e seu aspecto profissional. Inspire-se e atualize seus conhecimentos atrav\u00e9s do nosso Blog di\u00e1rio.","robots":{"index":"index","follow":"follow","max-snippet":"max-snippet:-1","max-image-preview":"max-image-preview:large","max-video-preview":"max-video-preview:-1"},"canonical":"https:\/\/mardobrasil.com.br\/index.php\/contact-us\/","og_locale":"pt_BR","og_type":"article","og_title":"Entre em contato - Mar do Brasil","og_description":"Leia sobre tudo sobre o Entre em contato, embarque no dia a dia da Industria mar\u00edtima brasileira e seu aspecto profissional. Inspire-se e atualize seus conhecimentos atrav\u00e9s do nosso Blog di\u00e1rio.","og_url":"https:\/\/mardobrasil.com.br\/index.php\/contact-us\/","og_site_name":"Mar do Brasil","article_publisher":"https:\/\/www.facebook.com\/portal.mardobrasil","article_modified_time":"2023-09-01T00:16:13+00:00","twitter_card":"summary_large_image","schema":{"@context":"https:\/\/schema.org","@graph":[{"@type":"NewsArticle","@id":"https:\/\/mardobrasil.com.br\/index.php\/contact-us\/#article","isPartOf":{"@id":"https:\/\/mardobrasil.com.br\/index.php\/contact-us\/"},"author":{"name":"Du Alves","@id":"https:\/\/mardobrasil.com.br\/#\/schema\/person\/4dcb02893cb2e69ba7db9e603ee2653a"},"headline":"Entre em contato","datePublished":"2018-02-09T10:40:06+00:00","dateModified":"2023-09-01T00:16:13+00:00","mainEntityOfPage":{"@id":"https:\/\/mardobrasil.com.br\/index.php\/contact-us\/"},"wordCount":14,"publisher":{"@id":"https:\/\/mardobrasil.com.br\/#organization"},"inLanguage":"pt-BR"},{"@type":"WebPage","@id":"https:\/\/mardobrasil.com.br\/index.php\/contact-us\/","url":"https:\/\/mardobrasil.com.br\/index.php\/contact-us\/","name":"Entre em contato - Mar do Brasil","isPartOf":{"@id":"https:\/\/mardobrasil.com.br\/#website"},"datePublished":"2018-02-09T10:40:06+00:00","dateModified":"2023-09-01T00:16:13+00:00","description":"Leia sobre tudo sobre o Entre em contato, embarque no dia a dia da Industria mar\u00edtima brasileira e seu aspecto profissional. Inspire-se e atualize seus conhecimentos atrav\u00e9s do nosso Blog di\u00e1rio.","breadcrumb":{"@id":"https:\/\/mardobrasil.com.br\/index.php\/contact-us\/#breadcrumb"},"inLanguage":"pt-BR","potentialAction":[{"@type":"ReadAction","target":["https:\/\/mardobrasil.com.br\/index.php\/contact-us\/"]}]},{"@type":"BreadcrumbList","@id":"https:\/\/mardobrasil.com.br\/index.php\/contact-us\/#breadcrumb","itemListElement":[{"@type":"ListItem","position":1,"name":"In\u00edcio","item":"https:\/\/mardobrasil.com.br\/"},{"@type":"ListItem","position":2,"name":"Entre em contato"}]},{"@type":"WebSite","@id":"https:\/\/mardobrasil.com.br\/#website","url":"https:\/\/mardobrasil.com.br\/","name":"Mar do Brasil","description":"Nosso mar, nossa casa, nosso trabalho","publisher":{"@id":"https:\/\/mardobrasil.com.br\/#organization"},"potentialAction":[{"@type":"SearchAction","target":{"@type":"EntryPoint","urlTemplate":"https:\/\/mardobrasil.com.br\/?s={search_term_string}"},"query-input":{"@type":"PropertyValueSpecification","valueRequired":true,"valueName":"search_term_string"}}],"inLanguage":"pt-BR"},{"@type":"Organization","@id":"https:\/\/mardobrasil.com.br\/#organization","name":"Mar do Brasil","url":"https:\/\/mardobrasil.com.br\/","logo":{"@type":"ImageObject","inLanguage":"pt-BR","@id":"https:\/\/mardobrasil.com.br\/#\/schema\/logo\/image\/","url":"https:\/\/mardobrasil.com.br\/wp-content\/uploads\/2023\/11\/cropped-logo-frase-textoazul.png","contentUrl":"https:\/\/mardobrasil.com.br\/wp-content\/uploads\/2023\/11\/cropped-logo-frase-textoazul.png","width":300,"height":56,"caption":"Mar do Brasil"},"image":{"@id":"https:\/\/mardobrasil.com.br\/#\/schema\/logo\/image\/"},"sameAs":["https:\/\/www.facebook.com\/portal.mardobrasil","https:\/\/www.instagram.com\/portal.mardobrasil\/"]},{"@type":"Person","@id":"https:\/\/mardobrasil.com.br\/#\/schema\/person\/4dcb02893cb2e69ba7db9e603ee2653a","name":"Du Alves","image":{"@type":"ImageObject","inLanguage":"pt-BR","@id":"https:\/\/mardobrasil.com.br\/#\/schema\/person\/image\/","url":"https:\/\/secure.gravatar.com\/avatar\/43c8b79ed7359050f31838530d4f7ed5?s=96&d=mm&r=g","contentUrl":"https:\/\/secure.gravatar.com\/avatar\/43c8b79ed7359050f31838530d4f7ed5?s=96&d=mm&r=g","caption":"Du Alves"},"sameAs":["http:\/\/mardobrasil.com.br"],"url":"https:\/\/mardobrasil.com.br\/index.php\/author\/dualves-digital\/"}]}},"_links":{"self":[{"href":"https:\/\/mardobrasil.com.br\/index.php\/wp-json\/wp\/v2\/pages\/285"}],"collection":[{"href":"https:\/\/mardobrasil.com.br\/index.php\/wp-json\/wp\/v2\/pages"}],"about":[{"href":"https:\/\/mardobrasil.com.br\/index.php\/wp-json\/wp\/v2\/types\/page"}],"author":[{"embeddable":true,"href":"https:\/\/mardobrasil.com.br\/index.php\/wp-json\/wp\/v2\/users\/1"}],"replies":[{"embeddable":true,"href":"https:\/\/mardobrasil.com.br\/index.php\/wp-json\/wp\/v2\/comments?post=285"}],"version-history":[{"count":2,"href":"https:\/\/mardobrasil.com.br\/index.php\/wp-json\/wp\/v2\/pages\/285\/revisions"}],"predecessor-version":[{"id":573,"href":"https:\/\/mardobrasil.com.br\/index.php\/wp-json\/wp\/v2\/pages\/285\/revisions\/573"}],"wp:attachment":[{"href":"https:\/\/mardobrasil.com.br\/index.php\/wp-json\/wp\/v2\/media?parent=285"}],"curies":[{"name":"wp","href":"https:\/\/api.w.org\/{rel}","templated":true}]}}